{"id":9927,"date":"2023-11-28T20:57:44","date_gmt":"2023-11-28T20:57:44","guid":{"rendered":"https:\/\/talabarteriainglesa.com\/web\/?post_type=product&#038;p=9927"},"modified":"2024-06-14T15:51:36","modified_gmt":"2024-06-14T15:51:36","slug":"bozal-vogue","status":"publish","type":"product","link":"https:\/\/talabarteriainglesa.com\/web\/producto\/bozal-vogue\/","title":{"rendered":"BOZAL LE MIEUX"},"content":{"rendered":"","protected":false},"excerpt":{"rendered":"<p>Un hermoso y suave bozal con hociquera y nuquera de polar soft. Estas inserciones de polar aseguran una distribuci\u00f3n uniforme de la presi\u00f3n y est\u00e1n rellenas con un acolchado adicional para una mayor comodidad en su uso.<\/p>\n<p>Laterales internos de las mejillas forrados con polar. Multi ajustable en la hociquera, y regulaci\u00f3n doble en las mejillas (ajustable desde ambos lados)<\/p>\n<p>Hebillas de n\u00edquel macizo. Cada bozal viene con un cabestro con mosquet\u00f3n al tono del bozal.<br \/>\nEl bordado LeMieux en la hociquera completa la diferencia en este bozal.<\/p>\n","protected":false},"featured_media":9935,"comment_status":"closed","ping_status":"closed","template":"","meta":[],"product_brand":[],"product_cat":[92,72,21],"product_tag":[],"class_list":{"0":"post-9927","1":"product","2":"type-product","3":"status-publish","4":"has-post-thumbnail","6":"product_cat-bozales","7":"product_cat-caballo","8":"product_cat-productos","10":"first","11":"instock","12":"shipping-taxable","13":"product-type-variable"},"_links":{"self":[{"href":"https:\/\/talabarteriainglesa.com\/web\/wp-json\/wp\/v2\/product\/9927","targetHints":{"allow":["GET"]}}],"collection":[{"href":"https:\/\/talabarteriainglesa.com\/web\/wp-json\/wp\/v2\/product"}],"about":[{"href":"https:\/\/talabarteriainglesa.com\/web\/wp-json\/wp\/v2\/types\/product"}],"replies":[{"embeddable":true,"href":"https:\/\/talabarteriainglesa.com\/web\/wp-json\/wp\/v2\/comments?post=9927"}],"wp:featuredmedia":[{"embeddable":true,"href":"https:\/\/talabarteriainglesa.com\/web\/wp-json\/wp\/v2\/media\/9935"}],"wp:attachment":[{"href":"https:\/\/talabarteriainglesa.com\/web\/wp-json\/wp\/v2\/media?parent=9927"}],"wp:term":[{"taxonomy":"product_brand","embeddable":true,"href":"https:\/\/talabarteriainglesa.com\/web\/wp-json\/wp\/v2\/product_brand?post=9927"},{"taxonomy":"product_cat","embeddable":true,"href":"https:\/\/talabarteriainglesa.com\/web\/wp-json\/wp\/v2\/product_cat?post=9927"},{"taxonomy":"product_tag","embeddable":true,"href":"https:\/\/talabarteriainglesa.com\/web\/wp-json\/wp\/v2\/product_tag?post=9927"}],"curies":[{"name":"wp","href":"https:\/\/api.w.org\/{rel}","templated":true}]}}