{"id":9914,"date":"2023-11-28T13:50:52","date_gmt":"2023-11-28T13:50:52","guid":{"rendered":"https:\/\/talabarteriainglesa.com\/web\/?post_type=product&#038;p=9914"},"modified":"2024-06-19T13:22:45","modified_gmt":"2024-06-19T13:22:45","slug":"american-breech-with-perforated-logo-tape","status":"publish","type":"product","link":"https:\/\/talabarteriainglesa.com\/web\/producto\/american-breech-with-perforated-logo-tape\/","title":{"rendered":"BREECHE CAVALLERIA TOSCANA AMERICAN WITH PERFORATED LOGO TAPE"},"content":{"rendered":"","protected":false},"excerpt":{"rendered":"<p>Tiro alto (m\u00e1s c\u00f3modo para montar \/ estiliza la figura)<br \/>\nPiqu\u00e9 el\u00e1stico en 4 direcciones m\u00e1xima libertad de movimientos.<br \/>\nAgarre interno, que brinda el ajuste perfecto sobre la camisa.<br \/>\nAgarre transparente en la parte interna de la rodilla permite la estabilidad adecuada.<\/p>\n<p><strong>Adem\u00e1s<\/strong><br \/>\nAntibacteriano<br \/>\nTranspirable<br \/>\nProtecci\u00f3n UV<br \/>\nSecado r\u00e1pido<\/p>\n","protected":false},"featured_media":9926,"comment_status":"closed","ping_status":"closed","template":"","meta":[],"product_brand":[],"product_cat":[80,73,70,21],"product_tag":[],"class_list":{"0":"post-9914","1":"product","2":"type-product","3":"status-publish","4":"has-post-thumbnail","6":"product_cat-breech","7":"product_cat-cavalleria-toscana","8":"product_cat-jinete","9":"product_cat-productos","11":"first","12":"instock","13":"shipping-taxable","14":"product-type-simple"},"_links":{"self":[{"href":"https:\/\/talabarteriainglesa.com\/web\/wp-json\/wp\/v2\/product\/9914","targetHints":{"allow":["GET"]}}],"collection":[{"href":"https:\/\/talabarteriainglesa.com\/web\/wp-json\/wp\/v2\/product"}],"about":[{"href":"https:\/\/talabarteriainglesa.com\/web\/wp-json\/wp\/v2\/types\/product"}],"replies":[{"embeddable":true,"href":"https:\/\/talabarteriainglesa.com\/web\/wp-json\/wp\/v2\/comments?post=9914"}],"wp:featuredmedia":[{"embeddable":true,"href":"https:\/\/talabarteriainglesa.com\/web\/wp-json\/wp\/v2\/media\/9926"}],"wp:attachment":[{"href":"https:\/\/talabarteriainglesa.com\/web\/wp-json\/wp\/v2\/media?parent=9914"}],"wp:term":[{"taxonomy":"product_brand","embeddable":true,"href":"https:\/\/talabarteriainglesa.com\/web\/wp-json\/wp\/v2\/product_brand?post=9914"},{"taxonomy":"product_cat","embeddable":true,"href":"https:\/\/talabarteriainglesa.com\/web\/wp-json\/wp\/v2\/product_cat?post=9914"},{"taxonomy":"product_tag","embeddable":true,"href":"https:\/\/talabarteriainglesa.com\/web\/wp-json\/wp\/v2\/product_tag?post=9914"}],"curies":[{"name":"wp","href":"https:\/\/api.w.org\/{rel}","templated":true}]}}