{"id":9883,"date":"2023-09-07T01:39:38","date_gmt":"2023-09-07T01:39:38","guid":{"rendered":"https:\/\/talabarteriainglesa.com\/web\/?post_type=product&#038;p=9883"},"modified":"2025-01-31T16:52:32","modified_gmt":"2025-01-31T16:52:32","slug":"green-composite-flex-on","status":"publish","type":"product","link":"https:\/\/talabarteriainglesa.com\/web\/producto\/green-composite-flex-on\/","title":{"rendered":"ESTRIBOS GREEN COMPOSITE FLEX &#8211; ON"},"content":{"rendered":"","protected":false},"excerpt":{"rendered":"<p>Estribos Flex-on Green Composite con agarre ultra en color negro o negro gris claro. Dise\u00f1ado a partir de un material de poliamida de origen org\u00e1nico, el estribo Green Composite est\u00e1 dise\u00f1ado en el mismo modelo que el estribo de aluminio Flex-on. Se puede limpiar con agua y, por lo tanto, es m\u00e1s f\u00e1cil de mantener. Est\u00e1 dirigido a una gama m\u00e1s amplia de jinetes. A\u00fan brindando un rendimiento t\u00e9cnico dram\u00e1ticamente mejorado en t\u00e9rminos de absorci\u00f3n de impactos y ergonom\u00eda (una caracter\u00edstica espec\u00edfica de Flex-on), tiene un marco interno de acero para reforzar la parte de pol\u00edmero.<br \/>\nLos estribos ofrecen:<br \/>\nAgarre perfecto<br \/>\nEstabilidad<br \/>\nPisada Inclinada<br \/>\nMADE IN FRANCE<\/p>\n","protected":false},"featured_media":9884,"comment_status":"closed","ping_status":"closed","template":"","meta":[],"product_brand":[],"product_cat":[280,98,21,131],"product_tag":[],"class_list":{"0":"post-9883","1":"product","2":"type-product","3":"status-publish","4":"has-post-thumbnail","6":"product_cat-estribos-estribos","7":"product_cat-estribos","8":"product_cat-productos","9":"product_cat-salto","11":"first","12":"instock","13":"shipping-taxable","14":"product-type-simple"},"_links":{"self":[{"href":"https:\/\/talabarteriainglesa.com\/web\/wp-json\/wp\/v2\/product\/9883","targetHints":{"allow":["GET"]}}],"collection":[{"href":"https:\/\/talabarteriainglesa.com\/web\/wp-json\/wp\/v2\/product"}],"about":[{"href":"https:\/\/talabarteriainglesa.com\/web\/wp-json\/wp\/v2\/types\/product"}],"replies":[{"embeddable":true,"href":"https:\/\/talabarteriainglesa.com\/web\/wp-json\/wp\/v2\/comments?post=9883"}],"wp:featuredmedia":[{"embeddable":true,"href":"https:\/\/talabarteriainglesa.com\/web\/wp-json\/wp\/v2\/media\/9884"}],"wp:attachment":[{"href":"https:\/\/talabarteriainglesa.com\/web\/wp-json\/wp\/v2\/media?parent=9883"}],"wp:term":[{"taxonomy":"product_brand","embeddable":true,"href":"https:\/\/talabarteriainglesa.com\/web\/wp-json\/wp\/v2\/product_brand?post=9883"},{"taxonomy":"product_cat","embeddable":true,"href":"https:\/\/talabarteriainglesa.com\/web\/wp-json\/wp\/v2\/product_cat?post=9883"},{"taxonomy":"product_tag","embeddable":true,"href":"https:\/\/talabarteriainglesa.com\/web\/wp-json\/wp\/v2\/product_tag?post=9883"}],"curies":[{"name":"wp","href":"https:\/\/api.w.org\/{rel}","templated":true}]}}