{"id":9739,"date":"2023-08-30T23:03:23","date_gmt":"2023-08-30T23:03:23","guid":{"rendered":"https:\/\/talabarteriainglesa.com\/web\/?post_type=product&#038;p=9739"},"modified":"2024-04-26T17:04:25","modified_gmt":"2024-04-26T17:04:25","slug":"hat-with-embroidered-logo","status":"publish","type":"product","link":"https:\/\/talabarteriainglesa.com\/web\/producto\/hat-with-embroidered-logo\/","title":{"rendered":"HAT WITH EMBROIDERED LOGO"},"content":{"rendered":"","protected":false},"excerpt":{"rendered":"<p>Cavalleria Toscana reinterpreta un accesorio cl\u00e1sico de la ropa deportiva. Esta gorra de b\u00e9isbol de algod\u00f3n cuenta con una visera para proteger los ojos del sol, con un ribete de la marca y una correa en la parte posterior para el ajuste. Decorado con motivos que encarnan la est\u00e9tica de la marca, presenta un logo en un lateral y un gran bordado &#8216;Cavalleria Toscana&#8217; en el centro.<\/p>\n","protected":false},"featured_media":9740,"comment_status":"closed","ping_status":"closed","template":"","meta":[],"product_brand":[],"product_cat":[84,73,70,21],"product_tag":[],"class_list":{"0":"post-9739","1":"product","2":"type-product","3":"status-publish","4":"has-post-thumbnail","6":"product_cat-accesorios","7":"product_cat-cavalleria-toscana","8":"product_cat-jinete","9":"product_cat-productos","11":"first","12":"outofstock","13":"shipping-taxable","14":"product-type-simple"},"_links":{"self":[{"href":"https:\/\/talabarteriainglesa.com\/web\/wp-json\/wp\/v2\/product\/9739","targetHints":{"allow":["GET"]}}],"collection":[{"href":"https:\/\/talabarteriainglesa.com\/web\/wp-json\/wp\/v2\/product"}],"about":[{"href":"https:\/\/talabarteriainglesa.com\/web\/wp-json\/wp\/v2\/types\/product"}],"replies":[{"embeddable":true,"href":"https:\/\/talabarteriainglesa.com\/web\/wp-json\/wp\/v2\/comments?post=9739"}],"wp:featuredmedia":[{"embeddable":true,"href":"https:\/\/talabarteriainglesa.com\/web\/wp-json\/wp\/v2\/media\/9740"}],"wp:attachment":[{"href":"https:\/\/talabarteriainglesa.com\/web\/wp-json\/wp\/v2\/media?parent=9739"}],"wp:term":[{"taxonomy":"product_brand","embeddable":true,"href":"https:\/\/talabarteriainglesa.com\/web\/wp-json\/wp\/v2\/product_brand?post=9739"},{"taxonomy":"product_cat","embeddable":true,"href":"https:\/\/talabarteriainglesa.com\/web\/wp-json\/wp\/v2\/product_cat?post=9739"},{"taxonomy":"product_tag","embeddable":true,"href":"https:\/\/talabarteriainglesa.com\/web\/wp-json\/wp\/v2\/product_tag?post=9739"}],"curies":[{"name":"wp","href":"https:\/\/api.w.org\/{rel}","templated":true}]}}