{"id":9716,"date":"2023-08-30T22:46:05","date_gmt":"2023-08-30T22:46:05","guid":{"rendered":"https:\/\/talabarteriainglesa.com\/web\/?post_type=product&#038;p=9716"},"modified":"2024-08-09T13:55:15","modified_gmt":"2024-08-09T13:55:15","slug":"jacket-with-zip-with-inserts-in-technical-mesh","status":"publish","type":"product","link":"https:\/\/talabarteriainglesa.com\/web\/producto\/jacket-with-zip-with-inserts-in-technical-mesh\/","title":{"rendered":"SACO CAVALLERIA TOSCANA ZIP WITH INSERTS IN TECHNICAL MESH"},"content":{"rendered":"","protected":false},"excerpt":{"rendered":"<p>Saco de competici\u00f3n REVOLUTION para mujer, confeccionado con doble tejido. Los tejidos Sensitive\u00ae se combinan con el punto t\u00e9cnico 3D para crear una prenda de extrema elegancia y comodidad. Dise\u00f1ada para el rendimiento deportivo, la chaqueta proporciona una alta transpirabilidad, ajust\u00e1ndose a tu cuerpo como una segunda piel sin obstaculizar el movimiento. De hecho, la prenda presenta una inserci\u00f3n de punto t\u00e9cnico en la espalda y los brazos para una gesti\u00f3n \u00f3ptima de la humedad, mientras que la parte delantera est\u00e1 hecha de tejido repelente al agua con un forro interior termodin\u00e1mico para protegerte del viento y la lluvia. Esta chaqueta presenta un pr\u00e1ctico cierre de cremallera y bot\u00f3n, dos bolsillos laterales con cremallera y est\u00e1 rematada con un logo bordado en el hombro.<\/p>\n<p>\u2022 Transpirable<br \/>\n\u2022 Material antibacteriano<br \/>\n\u2022 Protecci\u00f3n UV<br \/>\n\u2022 Secado r\u00e1pido<br \/>\n\u2022 Repelente al agua<\/p>\n","protected":false},"featured_media":9731,"comment_status":"closed","ping_status":"closed","template":"","meta":[],"product_brand":[],"product_cat":[73,70,21,76],"product_tag":[],"class_list":{"0":"post-9716","1":"product","2":"type-product","3":"status-publish","4":"has-post-thumbnail","6":"product_cat-cavalleria-toscana","7":"product_cat-jinete","8":"product_cat-productos","9":"product_cat-sacos","11":"first","12":"instock","13":"shipping-taxable","14":"product-type-variable"},"_links":{"self":[{"href":"https:\/\/talabarteriainglesa.com\/web\/wp-json\/wp\/v2\/product\/9716","targetHints":{"allow":["GET"]}}],"collection":[{"href":"https:\/\/talabarteriainglesa.com\/web\/wp-json\/wp\/v2\/product"}],"about":[{"href":"https:\/\/talabarteriainglesa.com\/web\/wp-json\/wp\/v2\/types\/product"}],"replies":[{"embeddable":true,"href":"https:\/\/talabarteriainglesa.com\/web\/wp-json\/wp\/v2\/comments?post=9716"}],"wp:featuredmedia":[{"embeddable":true,"href":"https:\/\/talabarteriainglesa.com\/web\/wp-json\/wp\/v2\/media\/9731"}],"wp:attachment":[{"href":"https:\/\/talabarteriainglesa.com\/web\/wp-json\/wp\/v2\/media?parent=9716"}],"wp:term":[{"taxonomy":"product_brand","embeddable":true,"href":"https:\/\/talabarteriainglesa.com\/web\/wp-json\/wp\/v2\/product_brand?post=9716"},{"taxonomy":"product_cat","embeddable":true,"href":"https:\/\/talabarteriainglesa.com\/web\/wp-json\/wp\/v2\/product_cat?post=9716"},{"taxonomy":"product_tag","embeddable":true,"href":"https:\/\/talabarteriainglesa.com\/web\/wp-json\/wp\/v2\/product_tag?post=9716"}],"curies":[{"name":"wp","href":"https:\/\/api.w.org\/{rel}","templated":true}]}}