{"id":9531,"date":"2023-08-30T14:41:35","date_gmt":"2023-08-30T14:41:35","guid":{"rendered":"https:\/\/talabarteriainglesa.com\/web\/?post_type=product&#038;p=9531"},"modified":"2024-06-13T15:18:30","modified_gmt":"2024-06-13T15:18:30","slug":"uvex-exxential-i-i-mips","status":"publish","type":"product","link":"https:\/\/talabarteriainglesa.com\/web\/producto\/uvex-exxential-i-i-mips\/","title":{"rendered":"UVEX EXXENTIAL II MIPS"},"content":{"rendered":"","protected":false},"excerpt":{"rendered":"<p>El uvex EXXENTIAL II MIPS establece nuevos puntos de referencia en t\u00e9rminos de ligereza, comodidad para el jinete y seguridad. Por primera vez, el casco deportivo para equitaci\u00f3n utiliza el SISTEMA DE PROTECCION CONTRA IMPACTOS MULTIDIRECCIONALES (MIPS) de altura ajustable, que proporciona protecci\u00f3n adicional contra las fuerzas de rotaci\u00f3n en caso de impacto lateral u oblicuo.<\/p>\n<p>Disfrute de lo \u00faltimo en seguridad: el UVEX EXXENTIAL II MIPS combina las caracter\u00edsticas ligeras de un casco inmould con el probado SISTEMA DE PROTECCION CONTRA IMPACTOS MULTIDIRECCIONALES (MIPS).<\/p>\n<p>La idea detr\u00e1s de MIPS, que se desarroll\u00f3 en Suecia, es proteger el cerebro humano contra los movimientos de rotaci\u00f3n en caso de accidente. Para lograr esto, se coloca una segunda calota m\u00f3vil dentro del UVEXX EXXENTIAL II MIPS entre el acolchado interior y la calota exterior del casco. Se asienta directamente sobre la cabeza y se puede ajustar para obtener el ajuste \u00f3ptimo de altura y ancho.<\/p>\n<p>Protecci\u00f3n adicional: si el jinete cae en \u00e1ngulo en una ca\u00edda, la fuerza de rotaci\u00f3n creada no se transfiere a la cabeza, sino que se disipa por el movimiento de la carcasa interior del MIPS. Adem\u00e1s, el dise\u00f1o ergon\u00f3mico del casco con su carcasa de corte bajo garantiza una protecci\u00f3n adicional contra impactos en la parte trasera.<\/p>\n","protected":false},"featured_media":9562,"comment_status":"closed","ping_status":"closed","template":"","meta":[],"product_brand":[],"product_cat":[75,70,21],"product_tag":[105,110,108,104],"class_list":{"0":"post-9531","1":"product","2":"type-product","3":"status-publish","4":"has-post-thumbnail","6":"product_cat-cascos","7":"product_cat-jinete","8":"product_cat-productos","9":"product_tag-adiestramiento","10":"product_tag-concurso-completo","11":"product_tag-endurance","12":"product_tag-salto","14":"first","15":"instock","16":"shipping-taxable","17":"product-type-variable"},"_links":{"self":[{"href":"https:\/\/talabarteriainglesa.com\/web\/wp-json\/wp\/v2\/product\/9531","targetHints":{"allow":["GET"]}}],"collection":[{"href":"https:\/\/talabarteriainglesa.com\/web\/wp-json\/wp\/v2\/product"}],"about":[{"href":"https:\/\/talabarteriainglesa.com\/web\/wp-json\/wp\/v2\/types\/product"}],"replies":[{"embeddable":true,"href":"https:\/\/talabarteriainglesa.com\/web\/wp-json\/wp\/v2\/comments?post=9531"}],"wp:featuredmedia":[{"embeddable":true,"href":"https:\/\/talabarteriainglesa.com\/web\/wp-json\/wp\/v2\/media\/9562"}],"wp:attachment":[{"href":"https:\/\/talabarteriainglesa.com\/web\/wp-json\/wp\/v2\/media?parent=9531"}],"wp:term":[{"taxonomy":"product_brand","embeddable":true,"href":"https:\/\/talabarteriainglesa.com\/web\/wp-json\/wp\/v2\/product_brand?post=9531"},{"taxonomy":"product_cat","embeddable":true,"href":"https:\/\/talabarteriainglesa.com\/web\/wp-json\/wp\/v2\/product_cat?post=9531"},{"taxonomy":"product_tag","embeddable":true,"href":"https:\/\/talabarteriainglesa.com\/web\/wp-json\/wp\/v2\/product_tag?post=9531"}],"curies":[{"name":"wp","href":"https:\/\/api.w.org\/{rel}","templated":true}]}}