{"id":11981,"date":"2025-06-06T15:32:43","date_gmt":"2025-06-06T15:32:43","guid":{"rendered":"https:\/\/talabarteriainglesa.com\/web\/?post_type=product&#038;p=11981"},"modified":"2025-06-06T15:37:10","modified_gmt":"2025-06-06T15:37:10","slug":"remera-dama-rg-jersey-and-mesh-s-s-blanca","status":"publish","type":"product","link":"https:\/\/talabarteriainglesa.com\/web\/producto\/remera-dama-rg-jersey-and-mesh-s-s-blanca\/","title":{"rendered":"REMERA DAMA RG JERSEY AND MESH S\/S BLANCA"},"content":{"rendered":"","protected":false},"excerpt":{"rendered":"<p>La remera de competici\u00f3n RG para mujer, en jersey y malla, es el s\u00edmbolo de la elegancia y el atletismo. El cl\u00e1sico cuello de popelina, adornado con el logotipo de RG, y el innovador dise\u00f1o frontal le otorgan gran comodidad y libertad de movimiento. Deja que esta prenda, altamente t\u00e9cnica y de alto rendimiento, te acompa\u00f1e en todas tus competiciones.<\/p>\n","protected":false},"featured_media":11985,"comment_status":"closed","ping_status":"closed","template":"","meta":[],"product_brand":[],"product_cat":[77,70,21,79,284],"product_tag":[110,108,104],"class_list":{"0":"post-11981","1":"product","2":"type-product","3":"status-publish","4":"has-post-thumbnail","6":"product_cat-camisas","7":"product_cat-jinete","8":"product_cat-productos","9":"product_cat-remera","10":"product_cat-rg","11":"product_tag-concurso-completo","12":"product_tag-endurance","13":"product_tag-salto","15":"first","16":"instock","17":"shipping-taxable","18":"product-type-variable"},"_links":{"self":[{"href":"https:\/\/talabarteriainglesa.com\/web\/wp-json\/wp\/v2\/product\/11981","targetHints":{"allow":["GET"]}}],"collection":[{"href":"https:\/\/talabarteriainglesa.com\/web\/wp-json\/wp\/v2\/product"}],"about":[{"href":"https:\/\/talabarteriainglesa.com\/web\/wp-json\/wp\/v2\/types\/product"}],"replies":[{"embeddable":true,"href":"https:\/\/talabarteriainglesa.com\/web\/wp-json\/wp\/v2\/comments?post=11981"}],"wp:featuredmedia":[{"embeddable":true,"href":"https:\/\/talabarteriainglesa.com\/web\/wp-json\/wp\/v2\/media\/11985"}],"wp:attachment":[{"href":"https:\/\/talabarteriainglesa.com\/web\/wp-json\/wp\/v2\/media?parent=11981"}],"wp:term":[{"taxonomy":"product_brand","embeddable":true,"href":"https:\/\/talabarteriainglesa.com\/web\/wp-json\/wp\/v2\/product_brand?post=11981"},{"taxonomy":"product_cat","embeddable":true,"href":"https:\/\/talabarteriainglesa.com\/web\/wp-json\/wp\/v2\/product_cat?post=11981"},{"taxonomy":"product_tag","embeddable":true,"href":"https:\/\/talabarteriainglesa.com\/web\/wp-json\/wp\/v2\/product_tag?post=11981"}],"curies":[{"name":"wp","href":"https:\/\/api.w.org\/{rel}","templated":true}]}}