{"id":11787,"date":"2025-01-30T14:20:50","date_gmt":"2025-01-30T14:20:50","guid":{"rendered":"https:\/\/talabarteriainglesa.com\/web\/?post_type=product&#038;p=11787"},"modified":"2025-01-30T14:30:24","modified_gmt":"2025-01-30T14:30:24","slug":"manta-jacaranda-waffle-cooler","status":"publish","type":"product","link":"https:\/\/talabarteriainglesa.com\/web\/producto\/manta-jacaranda-waffle-cooler\/","title":{"rendered":"MANTA JACARANDA WAFFLE COOLER"},"content":{"rendered":"","protected":false},"excerpt":{"rendered":"<p>Esta manta azul marino, t\u00e9cnicamente avanzada y con una estructura \u00fanica de m\u00faltiples capas, controla la humedad y la temperatura muscular para una refrigeraci\u00f3n eficaz. Su dise\u00f1o inteligente la hace perfecta para absorber eficazmente la humedad sin una r\u00e1pida p\u00e9rdida de calor, ideal para climas m\u00e1s fr\u00edos.<br \/>\nSu mezcla de poli\u00e9ster y acr\u00edlico ofrece un corte sin costuras y contorneado, que ajusta la manta cerca del cuerpo de su caballo para una refrigeraci\u00f3n optimizada sin sacrificar la comodidad.<br \/>\nLas cinchas cruzadas ajustables ayudan con el calce ce\u00f1ido, para un efecto de absorci\u00f3n de la humedad m\u00e1s eficiente.<br \/>\nSu estructura t\u00e9cnica de tejido abierto la hace inadecuada como manta de exterior; se debe usar debajo de una manta, o sola para per\u00edodos controlados de refrigeraci\u00f3n.<br \/>\nEspecificaci\u00f3n t\u00e9cnica<br \/>\nMezcla de poli\u00e9ster\/acr\u00edlico de m\u00faltiples capas<br \/>\nRefrigeraci\u00f3n eficiente<br \/>\nTextura de tejido abierto<br \/>\nCinchas cruzadas con hebillas macho, hembra y regulador<\/p>\n","protected":false},"featured_media":11790,"comment_status":"closed","ping_status":"closed","template":"","meta":[],"product_brand":[],"product_cat":[72,74,90,21],"product_tag":[110,108,104],"class_list":{"0":"post-11787","1":"product","2":"type-product","3":"status-publish","4":"has-post-thumbnail","6":"product_cat-caballo","7":"product_cat-jacaranda","8":"product_cat-mantas","9":"product_cat-productos","10":"product_tag-concurso-completo","11":"product_tag-endurance","12":"product_tag-salto","14":"first","15":"instock","16":"shipping-taxable","17":"product-type-variable"},"_links":{"self":[{"href":"https:\/\/talabarteriainglesa.com\/web\/wp-json\/wp\/v2\/product\/11787","targetHints":{"allow":["GET"]}}],"collection":[{"href":"https:\/\/talabarteriainglesa.com\/web\/wp-json\/wp\/v2\/product"}],"about":[{"href":"https:\/\/talabarteriainglesa.com\/web\/wp-json\/wp\/v2\/types\/product"}],"replies":[{"embeddable":true,"href":"https:\/\/talabarteriainglesa.com\/web\/wp-json\/wp\/v2\/comments?post=11787"}],"wp:featuredmedia":[{"embeddable":true,"href":"https:\/\/talabarteriainglesa.com\/web\/wp-json\/wp\/v2\/media\/11790"}],"wp:attachment":[{"href":"https:\/\/talabarteriainglesa.com\/web\/wp-json\/wp\/v2\/media?parent=11787"}],"wp:term":[{"taxonomy":"product_brand","embeddable":true,"href":"https:\/\/talabarteriainglesa.com\/web\/wp-json\/wp\/v2\/product_brand?post=11787"},{"taxonomy":"product_cat","embeddable":true,"href":"https:\/\/talabarteriainglesa.com\/web\/wp-json\/wp\/v2\/product_cat?post=11787"},{"taxonomy":"product_tag","embeddable":true,"href":"https:\/\/talabarteriainglesa.com\/web\/wp-json\/wp\/v2\/product_tag?post=11787"}],"curies":[{"name":"wp","href":"https:\/\/api.w.org\/{rel}","templated":true}]}}