{"id":11724,"date":"2025-01-29T15:55:59","date_gmt":"2025-01-29T15:55:59","guid":{"rendered":"https:\/\/talabarteriainglesa.com\/web\/?post_type=product&#038;p=11724"},"modified":"2025-01-29T16:12:46","modified_gmt":"2025-01-29T16:12:46","slug":"manta-jacaranda-polar-coller","status":"publish","type":"product","link":"https:\/\/talabarteriainglesa.com\/web\/producto\/manta-jacaranda-polar-coller\/","title":{"rendered":"MANTA JACARANDA POLAR COLLER"},"content":{"rendered":"","protected":false},"excerpt":{"rendered":"<p>\u00datil para los viajes, \u00fatil durante los viajes, despu\u00e9s del ba\u00f1o o del ejercicio, la manta polar es un art\u00edculo vers\u00e1til e imprescindible para el caballo. Liviana y transpirable. Regula la temperatura. Elimina el exceso de humedad del cuerpo para evitar el enfriamiento. Atrapa el aire para crear un microclima confortable. De f\u00e1cil mantenimiento. Dobles hebillas en el pecho, cinchas cruzadas ajustables y binding en todo su contorno. Lavable en m\u00e1quina. Collar de refuerzo para evitar roces y lastimaduras<br \/>\nMEDIDAS: 135, 145 CM<br \/>\nCOLOR: AZUL<\/p>\n","protected":false},"featured_media":11726,"comment_status":"closed","ping_status":"closed","template":"","meta":[],"product_brand":[],"product_cat":[72,74,90,21],"product_tag":[110,108,104],"class_list":{"0":"post-11724","1":"product","2":"type-product","3":"status-publish","4":"has-post-thumbnail","6":"product_cat-caballo","7":"product_cat-jacaranda","8":"product_cat-mantas","9":"product_cat-productos","10":"product_tag-concurso-completo","11":"product_tag-endurance","12":"product_tag-salto","14":"first","15":"instock","16":"shipping-taxable","17":"product-type-variable"},"_links":{"self":[{"href":"https:\/\/talabarteriainglesa.com\/web\/wp-json\/wp\/v2\/product\/11724","targetHints":{"allow":["GET"]}}],"collection":[{"href":"https:\/\/talabarteriainglesa.com\/web\/wp-json\/wp\/v2\/product"}],"about":[{"href":"https:\/\/talabarteriainglesa.com\/web\/wp-json\/wp\/v2\/types\/product"}],"replies":[{"embeddable":true,"href":"https:\/\/talabarteriainglesa.com\/web\/wp-json\/wp\/v2\/comments?post=11724"}],"wp:featuredmedia":[{"embeddable":true,"href":"https:\/\/talabarteriainglesa.com\/web\/wp-json\/wp\/v2\/media\/11726"}],"wp:attachment":[{"href":"https:\/\/talabarteriainglesa.com\/web\/wp-json\/wp\/v2\/media?parent=11724"}],"wp:term":[{"taxonomy":"product_brand","embeddable":true,"href":"https:\/\/talabarteriainglesa.com\/web\/wp-json\/wp\/v2\/product_brand?post=11724"},{"taxonomy":"product_cat","embeddable":true,"href":"https:\/\/talabarteriainglesa.com\/web\/wp-json\/wp\/v2\/product_cat?post=11724"},{"taxonomy":"product_tag","embeddable":true,"href":"https:\/\/talabarteriainglesa.com\/web\/wp-json\/wp\/v2\/product_tag?post=11724"}],"curies":[{"name":"wp","href":"https:\/\/api.w.org\/{rel}","templated":true}]}}