{"id":11267,"date":"2024-05-29T15:53:21","date_gmt":"2024-05-29T15:53:21","guid":{"rendered":"https:\/\/talabarteriainglesa.com\/web\/?post_type=product&#038;p=11267"},"modified":"2024-05-29T15:57:01","modified_gmt":"2024-05-29T15:57:01","slug":"pelham-rugby-con-link-frances","status":"publish","type":"product","link":"https:\/\/talabarteriainglesa.com\/web\/producto\/pelham-rugby-con-link-frances\/","title":{"rendered":"PELHAM RUGBY CON LINK FRANCES"},"content":{"rendered":"","protected":false},"excerpt":{"rendered":"<p>El Rugby Pelham es ampliamente utilizado como una alternativa a la doble embocadura Freno\/Filete. Da la apariencia de una cabezada doble, ya que esta embocadura debe usarse con una cabezada que tenga un montante para el filete, como si tuviera un Freno Weymouth y un Filete, esta embocadura tambi\u00e9n debe usarse con dos riendas.<\/p>\n<p>El Rugby Pelham tiene un anillo extra suelto que est\u00e1 conectado por un enlace en el anillo de retenci\u00f3n del pelham, ofreciendo un contacto m\u00e1s directo que el de un Pelham normal.<\/p>\n<p>Acero Inoxidable<br \/>\nBocado de 140 mm<br \/>\nPatas de 8 cm<br \/>\nIncluye Barbada y Alacranes<\/p>\n","protected":false},"featured_media":11268,"comment_status":"closed","ping_status":"closed","template":"","meta":[],"product_brand":[],"product_cat":[126,72,97,74,239,21,131],"product_tag":[],"class_list":{"0":"post-11267","1":"product","2":"type-product","3":"status-publish","4":"has-post-thumbnail","6":"product_cat-adiestramiento","7":"product_cat-caballo","8":"product_cat-embocaduras","9":"product_cat-jacaranda","10":"product_cat-pelham","11":"product_cat-productos","12":"product_cat-salto","14":"first","15":"instock","16":"shipping-taxable","17":"product-type-simple"},"_links":{"self":[{"href":"https:\/\/talabarteriainglesa.com\/web\/wp-json\/wp\/v2\/product\/11267","targetHints":{"allow":["GET"]}}],"collection":[{"href":"https:\/\/talabarteriainglesa.com\/web\/wp-json\/wp\/v2\/product"}],"about":[{"href":"https:\/\/talabarteriainglesa.com\/web\/wp-json\/wp\/v2\/types\/product"}],"replies":[{"embeddable":true,"href":"https:\/\/talabarteriainglesa.com\/web\/wp-json\/wp\/v2\/comments?post=11267"}],"wp:featuredmedia":[{"embeddable":true,"href":"https:\/\/talabarteriainglesa.com\/web\/wp-json\/wp\/v2\/media\/11268"}],"wp:attachment":[{"href":"https:\/\/talabarteriainglesa.com\/web\/wp-json\/wp\/v2\/media?parent=11267"}],"wp:term":[{"taxonomy":"product_brand","embeddable":true,"href":"https:\/\/talabarteriainglesa.com\/web\/wp-json\/wp\/v2\/product_brand?post=11267"},{"taxonomy":"product_cat","embeddable":true,"href":"https:\/\/talabarteriainglesa.com\/web\/wp-json\/wp\/v2\/product_cat?post=11267"},{"taxonomy":"product_tag","embeddable":true,"href":"https:\/\/talabarteriainglesa.com\/web\/wp-json\/wp\/v2\/product_tag?post=11267"}],"curies":[{"name":"wp","href":"https:\/\/api.w.org\/{rel}","templated":true}]}}