{"id":10393,"date":"2024-01-11T22:11:24","date_gmt":"2024-01-11T22:11:24","guid":{"rendered":"https:\/\/talabarteriainglesa.com\/web\/?post_type=product&#038;p=10393"},"modified":"2024-06-05T16:00:11","modified_gmt":"2024-06-05T16:00:11","slug":"protector-para-manos-e-shock-con-ganchitos","status":"publish","type":"product","link":"https:\/\/talabarteriainglesa.com\/web\/producto\/protector-para-manos-e-shock-con-ganchitos\/","title":{"rendered":"PROTECTOR PARA MANOS E-SHOCK CON GANCHITOS"},"content":{"rendered":"","protected":false},"excerpt":{"rendered":"<p>Botas de tend\u00f3n eShock con sistema PATENTADO eFluidgel<br \/>\nFabricado con materiales de alta calidad, fiabilidad y durabilidad. Forma anat\u00f3mica para envolver el tend\u00f3n, protegi\u00e9ndolo de lesiones y garantizando comodidad. Carcasa exterior reforzada con TPU; forro de neopreno suave, bordes de Lycra lavables para evitar llagas; Dos puntos de sujeci\u00f3n y una correa el\u00e1stica garantizan un f\u00e1cil ajuste.<br \/>\nTecnolog\u00eda exclusiva patentada eFluidgel<br \/>\nLa burbuja especial en la carcasa reduce en gran medida el impacto que podr\u00eda sufrir la pata del caballo debido a la compresi\u00f3n del aire y del gel, y a su capacidad para absorber impactos.<br \/>\nSistema de torsi\u00f3n libre<br \/>\nSistema especial que garantiza que la pata del caballo no se bloquee al saltar.<\/p>\n","protected":false},"featured_media":10397,"comment_status":"closed","ping_status":"closed","template":"","meta":[],"product_brand":[],"product_cat":[126,72,127,128,125,129,152,130,21,95,131,132],"product_tag":[],"class_list":{"0":"post-10393","1":"product","2":"type-product","3":"status-publish","4":"has-post-thumbnail","6":"product_cat-adiestramiento","7":"product_cat-caballo","8":"product_cat-concurso-completo","9":"product_cat-cuarto-de-milla","10":"product_cat-disciplina","11":"product_cat-endurance","12":"product_cat-polo","13":"product_cat-pony","14":"product_cat-productos","15":"product_cat-protectores","16":"product_cat-salto","17":"product_cat-volteo","19":"first","20":"instock","21":"shipping-taxable","22":"product-type-simple"},"_links":{"self":[{"href":"https:\/\/talabarteriainglesa.com\/web\/wp-json\/wp\/v2\/product\/10393","targetHints":{"allow":["GET"]}}],"collection":[{"href":"https:\/\/talabarteriainglesa.com\/web\/wp-json\/wp\/v2\/product"}],"about":[{"href":"https:\/\/talabarteriainglesa.com\/web\/wp-json\/wp\/v2\/types\/product"}],"replies":[{"embeddable":true,"href":"https:\/\/talabarteriainglesa.com\/web\/wp-json\/wp\/v2\/comments?post=10393"}],"wp:featuredmedia":[{"embeddable":true,"href":"https:\/\/talabarteriainglesa.com\/web\/wp-json\/wp\/v2\/media\/10397"}],"wp:attachment":[{"href":"https:\/\/talabarteriainglesa.com\/web\/wp-json\/wp\/v2\/media?parent=10393"}],"wp:term":[{"taxonomy":"product_brand","embeddable":true,"href":"https:\/\/talabarteriainglesa.com\/web\/wp-json\/wp\/v2\/product_brand?post=10393"},{"taxonomy":"product_cat","embeddable":true,"href":"https:\/\/talabarteriainglesa.com\/web\/wp-json\/wp\/v2\/product_cat?post=10393"},{"taxonomy":"product_tag","embeddable":true,"href":"https:\/\/talabarteriainglesa.com\/web\/wp-json\/wp\/v2\/product_tag?post=10393"}],"curies":[{"name":"wp","href":"https:\/\/api.w.org\/{rel}","templated":true}]}}