{"id":10390,"date":"2024-01-11T22:06:15","date_gmt":"2024-01-11T22:06:15","guid":{"rendered":"https:\/\/talabarteriainglesa.com\/web\/?post_type=product&#038;p=10390"},"modified":"2024-04-24T14:06:04","modified_gmt":"2024-04-24T14:06:04","slug":"protector-de-nudos-cuartilla-neoprene","status":"publish","type":"product","link":"https:\/\/talabarteriainglesa.com\/web\/producto\/protector-de-nudos-cuartilla-neoprene\/","title":{"rendered":"PROTECTOR DE NUDOS CUARTILLA NEOPRENE ARMA"},"content":{"rendered":"","protected":false},"excerpt":{"rendered":"<p>El neoprene denso ayuda a proteger las cuartillas contra golpes y lastimaduras por alcance. Exterior de tela para mayor durabilidad, mientras que las correas de cierre t\u00e1ctil garantizan un ajuste seguro. Las pulseras para cuartilla ARMA se venden en pares. Tama\u00f1o \u00fanico, color negro<\/p>\n","protected":false},"featured_media":10392,"comment_status":"closed","ping_status":"closed","template":"","meta":[],"product_brand":[],"product_cat":[126,72,127,128,125,129,152,130,21,95,131,132],"product_tag":[],"class_list":{"0":"post-10390","1":"product","2":"type-product","3":"status-publish","4":"has-post-thumbnail","6":"product_cat-adiestramiento","7":"product_cat-caballo","8":"product_cat-concurso-completo","9":"product_cat-cuarto-de-milla","10":"product_cat-disciplina","11":"product_cat-endurance","12":"product_cat-polo","13":"product_cat-pony","14":"product_cat-productos","15":"product_cat-protectores","16":"product_cat-salto","17":"product_cat-volteo","19":"first","20":"instock","21":"shipping-taxable","22":"product-type-simple"},"_links":{"self":[{"href":"https:\/\/talabarteriainglesa.com\/web\/wp-json\/wp\/v2\/product\/10390","targetHints":{"allow":["GET"]}}],"collection":[{"href":"https:\/\/talabarteriainglesa.com\/web\/wp-json\/wp\/v2\/product"}],"about":[{"href":"https:\/\/talabarteriainglesa.com\/web\/wp-json\/wp\/v2\/types\/product"}],"replies":[{"embeddable":true,"href":"https:\/\/talabarteriainglesa.com\/web\/wp-json\/wp\/v2\/comments?post=10390"}],"wp:featuredmedia":[{"embeddable":true,"href":"https:\/\/talabarteriainglesa.com\/web\/wp-json\/wp\/v2\/media\/10392"}],"wp:attachment":[{"href":"https:\/\/talabarteriainglesa.com\/web\/wp-json\/wp\/v2\/media?parent=10390"}],"wp:term":[{"taxonomy":"product_brand","embeddable":true,"href":"https:\/\/talabarteriainglesa.com\/web\/wp-json\/wp\/v2\/product_brand?post=10390"},{"taxonomy":"product_cat","embeddable":true,"href":"https:\/\/talabarteriainglesa.com\/web\/wp-json\/wp\/v2\/product_cat?post=10390"},{"taxonomy":"product_tag","embeddable":true,"href":"https:\/\/talabarteriainglesa.com\/web\/wp-json\/wp\/v2\/product_tag?post=10390"}],"curies":[{"name":"wp","href":"https:\/\/api.w.org\/{rel}","templated":true}]}}