{"id":10386,"date":"2024-01-11T22:03:33","date_gmt":"2024-01-11T22:03:33","guid":{"rendered":"https:\/\/talabarteriainglesa.com\/web\/?post_type=product&#038;p=10386"},"modified":"2024-04-24T14:09:39","modified_gmt":"2024-04-24T14:09:39","slug":"ayuda-para-cuerda-soft-training-aid","status":"publish","type":"product","link":"https:\/\/talabarteriainglesa.com\/web\/producto\/ayuda-para-cuerda-soft-training-aid\/","title":{"rendered":"AYUDA PARA CUERDA SOFT TRAINING AID"},"content":{"rendered":"","protected":false},"excerpt":{"rendered":"<p>AYUDA PARA TRAINING<br \/>\n(Cabezada, embocadura y cuerda NO INCLUIDO)<\/p>\n<p>La ayuda suave para cuerda act\u00faa en las barras y comisuras de la boca. Cuando el caballo levanta la cabeza, se aplica presi\u00f3n en la boca y las barras para que la cabeza baje. Fomenta un contorno m\u00e1s largo y m\u00e1s bajo y permite que el caballo se estire a trav\u00e9s de su espalda sin fijar la cabeza. Puede ser particularmente \u00fatil para caballos que se sienten restringidos en otros tipos de ayudas de entrenamiento. Se fija a la embocadura con mosquetones giratorios de gatillo donde la cuerda se puede acortar y alargar.<\/p>\n","protected":false},"featured_media":10389,"comment_status":"closed","ping_status":"closed","template":"","meta":[],"product_brand":[],"product_cat":[101,126,72,127,128,125,129,152,130,21,131,132],"product_tag":[],"class_list":{"0":"post-10386","1":"product","2":"type-product","3":"status-publish","4":"has-post-thumbnail","6":"product_cat-accesorios-caballo","7":"product_cat-adiestramiento","8":"product_cat-caballo","9":"product_cat-concurso-completo","10":"product_cat-cuarto-de-milla","11":"product_cat-disciplina","12":"product_cat-endurance","13":"product_cat-polo","14":"product_cat-pony","15":"product_cat-productos","16":"product_cat-salto","17":"product_cat-volteo","19":"first","20":"instock","21":"shipping-taxable","22":"product-type-simple"},"_links":{"self":[{"href":"https:\/\/talabarteriainglesa.com\/web\/wp-json\/wp\/v2\/product\/10386","targetHints":{"allow":["GET"]}}],"collection":[{"href":"https:\/\/talabarteriainglesa.com\/web\/wp-json\/wp\/v2\/product"}],"about":[{"href":"https:\/\/talabarteriainglesa.com\/web\/wp-json\/wp\/v2\/types\/product"}],"replies":[{"embeddable":true,"href":"https:\/\/talabarteriainglesa.com\/web\/wp-json\/wp\/v2\/comments?post=10386"}],"wp:featuredmedia":[{"embeddable":true,"href":"https:\/\/talabarteriainglesa.com\/web\/wp-json\/wp\/v2\/media\/10389"}],"wp:attachment":[{"href":"https:\/\/talabarteriainglesa.com\/web\/wp-json\/wp\/v2\/media?parent=10386"}],"wp:term":[{"taxonomy":"product_brand","embeddable":true,"href":"https:\/\/talabarteriainglesa.com\/web\/wp-json\/wp\/v2\/product_brand?post=10386"},{"taxonomy":"product_cat","embeddable":true,"href":"https:\/\/talabarteriainglesa.com\/web\/wp-json\/wp\/v2\/product_cat?post=10386"},{"taxonomy":"product_tag","embeddable":true,"href":"https:\/\/talabarteriainglesa.com\/web\/wp-json\/wp\/v2\/product_tag?post=10386"}],"curies":[{"name":"wp","href":"https:\/\/api.w.org\/{rel}","templated":true}]}}