{"id":10382,"date":"2024-01-11T21:58:57","date_gmt":"2024-01-11T21:58:57","guid":{"rendered":"https:\/\/talabarteriainglesa.com\/web\/?post_type=product&#038;p=10382"},"modified":"2024-04-24T14:20:43","modified_gmt":"2024-04-24T14:20:43","slug":"manta-cooler-con-malla-transpirable","status":"publish","type":"product","link":"https:\/\/talabarteriainglesa.com\/web\/producto\/manta-cooler-con-malla-transpirable\/","title":{"rendered":"MANTA COOLER CON MALLA TRANSPIRABLE"},"content":{"rendered":"","protected":false},"excerpt":{"rendered":"<p>Una manta t\u00e9rmica inteligente y super liviana que ayuda a regular la temperatura corporal del caballo despu\u00e9s del ejercicio. Los paneles de malla altamente transpirables crean un microclima que permite una refrigeraci\u00f3n segura y elimina la humedad para evitar el fr\u00edo. Liviana y transpirable. Permite que el aire circule. Absorbe la humedad. Crea un microclima para evitar el enfriamiento. Regulaci\u00f3n de la temperatura corporal.<br \/>\nColor: negro<br \/>\nMedidas: 145, 155 cm<\/p>\n","protected":false},"featured_media":10383,"comment_status":"closed","ping_status":"closed","template":"","meta":[],"product_brand":[],"product_cat":[126,72,127,128,125,129,90,152,130,21,131,132],"product_tag":[],"class_list":{"0":"post-10382","1":"product","2":"type-product","3":"status-publish","4":"has-post-thumbnail","6":"product_cat-adiestramiento","7":"product_cat-caballo","8":"product_cat-concurso-completo","9":"product_cat-cuarto-de-milla","10":"product_cat-disciplina","11":"product_cat-endurance","12":"product_cat-mantas","13":"product_cat-polo","14":"product_cat-pony","15":"product_cat-productos","16":"product_cat-salto","17":"product_cat-volteo","19":"first","20":"instock","21":"shipping-taxable","22":"product-type-simple"},"_links":{"self":[{"href":"https:\/\/talabarteriainglesa.com\/web\/wp-json\/wp\/v2\/product\/10382","targetHints":{"allow":["GET"]}}],"collection":[{"href":"https:\/\/talabarteriainglesa.com\/web\/wp-json\/wp\/v2\/product"}],"about":[{"href":"https:\/\/talabarteriainglesa.com\/web\/wp-json\/wp\/v2\/types\/product"}],"replies":[{"embeddable":true,"href":"https:\/\/talabarteriainglesa.com\/web\/wp-json\/wp\/v2\/comments?post=10382"}],"wp:featuredmedia":[{"embeddable":true,"href":"https:\/\/talabarteriainglesa.com\/web\/wp-json\/wp\/v2\/media\/10383"}],"wp:attachment":[{"href":"https:\/\/talabarteriainglesa.com\/web\/wp-json\/wp\/v2\/media?parent=10382"}],"wp:term":[{"taxonomy":"product_brand","embeddable":true,"href":"https:\/\/talabarteriainglesa.com\/web\/wp-json\/wp\/v2\/product_brand?post=10382"},{"taxonomy":"product_cat","embeddable":true,"href":"https:\/\/talabarteriainglesa.com\/web\/wp-json\/wp\/v2\/product_cat?post=10382"},{"taxonomy":"product_tag","embeddable":true,"href":"https:\/\/talabarteriainglesa.com\/web\/wp-json\/wp\/v2\/product_tag?post=10382"}],"curies":[{"name":"wp","href":"https:\/\/api.w.org\/{rel}","templated":true}]}}