{"id":10377,"date":"2024-01-11T21:52:58","date_gmt":"2024-01-11T21:52:58","guid":{"rendered":"https:\/\/talabarteriainglesa.com\/web\/?post_type=product&#038;p=10377"},"modified":"2024-04-24T14:27:19","modified_gmt":"2024-04-24T14:27:19","slug":"shires-suppa-fleece","status":"publish","type":"product","link":"https:\/\/talabarteriainglesa.com\/web\/producto\/shires-suppa-fleece\/","title":{"rendered":"BAJOMONTURA SUPPA FLEECE SHIRES"},"content":{"rendered":"","protected":false},"excerpt":{"rendered":"<p>Bajo Montura Shires Performance Fully Lined Half Marr\u00f3n.<\/p>\n<p>Ofrezca protecci\u00f3n adicional para los caballos m\u00e1s sensibles con el Bajo Montura Shires Performance Fully Lined Half.<\/p>\n<p>Bajo montura s\u00faper suave completamente forrado, la Performance Half Pad cuenta con una amortiguaci\u00f3n adicional para reducir la presi\u00f3n no deseada en puntos clave mientras ayuda a aumentar el flujo de aire. Con un n\u00facleo de espuma debajo de la montura para mayor comodidad y protecci\u00f3n y correas de retenci\u00f3n con cierre de abrojo, el bajo montura Performance Fully Lined se completa con zonas de malla 3D Air Motion altamente transpirables a lo largo de la columna vertebral.<\/p>\n<p>Tama\u00f1o Unico<br \/>\nColor marr\u00f3n<\/p>\n","protected":false},"featured_media":10379,"comment_status":"closed","ping_status":"closed","template":"","meta":[],"product_brand":[],"product_cat":[88,72,125,21,131],"product_tag":[],"class_list":{"0":"post-10377","1":"product","2":"type-product","3":"status-publish","4":"has-post-thumbnail","6":"product_cat-bajomonturas","7":"product_cat-caballo","8":"product_cat-disciplina","9":"product_cat-productos","10":"product_cat-salto","12":"first","13":"instock","14":"shipping-taxable","15":"product-type-simple"},"_links":{"self":[{"href":"https:\/\/talabarteriainglesa.com\/web\/wp-json\/wp\/v2\/product\/10377","targetHints":{"allow":["GET"]}}],"collection":[{"href":"https:\/\/talabarteriainglesa.com\/web\/wp-json\/wp\/v2\/product"}],"about":[{"href":"https:\/\/talabarteriainglesa.com\/web\/wp-json\/wp\/v2\/types\/product"}],"replies":[{"embeddable":true,"href":"https:\/\/talabarteriainglesa.com\/web\/wp-json\/wp\/v2\/comments?post=10377"}],"wp:featuredmedia":[{"embeddable":true,"href":"https:\/\/talabarteriainglesa.com\/web\/wp-json\/wp\/v2\/media\/10379"}],"wp:attachment":[{"href":"https:\/\/talabarteriainglesa.com\/web\/wp-json\/wp\/v2\/media?parent=10377"}],"wp:term":[{"taxonomy":"product_brand","embeddable":true,"href":"https:\/\/talabarteriainglesa.com\/web\/wp-json\/wp\/v2\/product_brand?post=10377"},{"taxonomy":"product_cat","embeddable":true,"href":"https:\/\/talabarteriainglesa.com\/web\/wp-json\/wp\/v2\/product_cat?post=10377"},{"taxonomy":"product_tag","embeddable":true,"href":"https:\/\/talabarteriainglesa.com\/web\/wp-json\/wp\/v2\/product_tag?post=10377"}],"curies":[{"name":"wp","href":"https:\/\/api.w.org\/{rel}","templated":true}]}}