{"id":10214,"date":"2024-01-10T22:28:59","date_gmt":"2024-01-10T22:28:59","guid":{"rendered":"https:\/\/talabarteriainglesa.com\/web\/?post_type=product&#038;p=10214"},"modified":"2024-04-26T14:20:23","modified_gmt":"2024-04-26T14:20:23","slug":"mascara-mosquitera","status":"publish","type":"product","link":"https:\/\/talabarteriainglesa.com\/web\/producto\/mascara-mosquitera\/","title":{"rendered":"MASCARA MOSQUITERA CON HOCIQUERA SHIRES"},"content":{"rendered":"","protected":false},"excerpt":{"rendered":"<p>Con una malla 3D transpirable, esta m\u00e1scara para moscas con orejas y hociquera hace circular activamente el aire, mientras protege contra bichos e insectos voladores. La tecnolog\u00eda Air Motion tiene una acci\u00f3n refrescante avanzada, lo que reduce la acumulaci\u00f3n de calor y promueve la sequedad. Las orejeras aireadas y los coloridos ribetes el\u00e1sticos aseguran un ajuste ce\u00f1ido y c\u00f3modo. La malla ripstop de visi\u00f3n clara se mantiene alejada de los ojos a trav\u00e9s de la visera solar y el sistema de costura con dardos reforzado. Conformaci\u00f3n aerodin\u00e1mica de la nariz para una comodidad ergon\u00f3mica. Correa ancha y ajustable con leng\u00fceta para un ajuste r\u00e1pido y f\u00e1cil. 70+% de bloqueo UV promedio. Calificaci\u00f3n m\u00ednima 60+% para malla para ojos y nariz. La eficacia puede disminuir con el tiempo. Ensayo realizado seg\u00fan BS EN 13758-I-2002+AI:2006.<\/p>\n","protected":false},"featured_media":10217,"comment_status":"closed","ping_status":"closed","template":"","meta":[],"product_brand":[],"product_cat":[72,74,212,21],"product_tag":[],"class_list":{"0":"post-10214","1":"product","2":"type-product","3":"status-publish","4":"has-post-thumbnail","6":"product_cat-caballo","7":"product_cat-jacaranda","8":"product_cat-orejeras-mascaras","9":"product_cat-productos","11":"first","12":"instock","13":"shipping-taxable","14":"product-type-simple"},"_links":{"self":[{"href":"https:\/\/talabarteriainglesa.com\/web\/wp-json\/wp\/v2\/product\/10214","targetHints":{"allow":["GET"]}}],"collection":[{"href":"https:\/\/talabarteriainglesa.com\/web\/wp-json\/wp\/v2\/product"}],"about":[{"href":"https:\/\/talabarteriainglesa.com\/web\/wp-json\/wp\/v2\/types\/product"}],"replies":[{"embeddable":true,"href":"https:\/\/talabarteriainglesa.com\/web\/wp-json\/wp\/v2\/comments?post=10214"}],"wp:featuredmedia":[{"embeddable":true,"href":"https:\/\/talabarteriainglesa.com\/web\/wp-json\/wp\/v2\/media\/10217"}],"wp:attachment":[{"href":"https:\/\/talabarteriainglesa.com\/web\/wp-json\/wp\/v2\/media?parent=10214"}],"wp:term":[{"taxonomy":"product_brand","embeddable":true,"href":"https:\/\/talabarteriainglesa.com\/web\/wp-json\/wp\/v2\/product_brand?post=10214"},{"taxonomy":"product_cat","embeddable":true,"href":"https:\/\/talabarteriainglesa.com\/web\/wp-json\/wp\/v2\/product_cat?post=10214"},{"taxonomy":"product_tag","embeddable":true,"href":"https:\/\/talabarteriainglesa.com\/web\/wp-json\/wp\/v2\/product_tag?post=10214"}],"curies":[{"name":"wp","href":"https:\/\/api.w.org\/{rel}","templated":true}]}}