{"id":10138,"date":"2023-11-29T16:49:14","date_gmt":"2023-11-29T16:49:14","guid":{"rendered":"https:\/\/talabarteriainglesa.com\/web\/?post_type=product&#038;p=10138"},"modified":"2024-04-23T14:54:44","modified_gmt":"2024-04-23T14:54:44","slug":"guante-uvex-ventraxxion","status":"publish","type":"product","link":"https:\/\/talabarteriainglesa.com\/web\/producto\/guante-uvex-ventraxxion\/","title":{"rendered":"GUANTE UVEX VENTRAXXION"},"content":{"rendered":"","protected":false},"excerpt":{"rendered":"<p>El innovador UVEX VENTRAXXION no requiere una gran selecci\u00f3n de tama\u00f1os. La raz\u00f3n de esto es tan simple como brillante: el guante se adapta perfectamente a la mano del jinete. Gracias al corte especialmente desarrollado por UVEX y al nuevo material suave al tacto este guante es multidimensionalmente flexible a la vez que transpirable y extremadamente climatizado. El material suave al tacto utilizado en las \u00e1reas de contacto del guante permite que la mano del jinete reciba el apoyo necesario y, al mismo tiempo, permanezca flexible y sensible.<\/p>\n<p>Con su innovadora combinaci\u00f3n de estiramiento 4D, el UVEX VENTRAXXION establece nuevos est\u00e1ndares en t\u00e9rminos de flexibilidad. Incluso las u\u00f1as largas, que a menudo sol\u00edan estirar los guantes de montar al l\u00edmite, ya no ser\u00e1n un problema. El nuevo guante se adapta a la mano como una segunda piel, estir\u00e1ndose en todas direcciones. El material flexible y transpirable que proporciona esta adaptabilidad tiene la ventaja adicional de proporcionar una circulaci\u00f3n de aire \u00f3ptima, lo que hace que el UVEX VENTRAXXION sea el guante de conducci\u00f3n ideal para todas las estaciones. El agarre \u00f3ptimo que requiere el cjinete lo proporciona el nuevo material suave al tacto, que tambi\u00e9n hace que sea muy suave y c\u00f3modo de llevar. Como todos los guantes de montar UVEX, el UVEX VENTRAXXION es apto para pantallas t\u00e1ctiles y lavable.<\/p>\n<p>COMO DETERMINAR SU TALLE:<br \/>\nCon un cent\u00edmetro de tela suave tomar la medida alrededor de la parte m\u00e1s ancha de la mano, excluyendo el pulgar. Esa medida dividida por 2,54 le da el talle de guante para su mano. Talles Adultos: XS = 6; S = 7; M = 8; L = 9, XL = 10, XXL = 11<\/p>\n","protected":false},"featured_media":10141,"comment_status":"closed","ping_status":"closed","template":"","meta":[],"product_brand":[],"product_cat":[84,126,127,128,125,129,70,152,130,21,131,132],"product_tag":[],"class_list":{"0":"post-10138","1":"product","2":"type-product","3":"status-publish","4":"has-post-thumbnail","6":"product_cat-accesorios","7":"product_cat-adiestramiento","8":"product_cat-concurso-completo","9":"product_cat-cuarto-de-milla","10":"product_cat-disciplina","11":"product_cat-endurance","12":"product_cat-jinete","13":"product_cat-polo","14":"product_cat-pony","15":"product_cat-productos","16":"product_cat-salto","17":"product_cat-volteo","19":"first","20":"instock","21":"shipping-taxable","22":"product-type-simple"},"_links":{"self":[{"href":"https:\/\/talabarteriainglesa.com\/web\/wp-json\/wp\/v2\/product\/10138","targetHints":{"allow":["GET"]}}],"collection":[{"href":"https:\/\/talabarteriainglesa.com\/web\/wp-json\/wp\/v2\/product"}],"about":[{"href":"https:\/\/talabarteriainglesa.com\/web\/wp-json\/wp\/v2\/types\/product"}],"replies":[{"embeddable":true,"href":"https:\/\/talabarteriainglesa.com\/web\/wp-json\/wp\/v2\/comments?post=10138"}],"wp:featuredmedia":[{"embeddable":true,"href":"https:\/\/talabarteriainglesa.com\/web\/wp-json\/wp\/v2\/media\/10141"}],"wp:attachment":[{"href":"https:\/\/talabarteriainglesa.com\/web\/wp-json\/wp\/v2\/media?parent=10138"}],"wp:term":[{"taxonomy":"product_brand","embeddable":true,"href":"https:\/\/talabarteriainglesa.com\/web\/wp-json\/wp\/v2\/product_brand?post=10138"},{"taxonomy":"product_cat","embeddable":true,"href":"https:\/\/talabarteriainglesa.com\/web\/wp-json\/wp\/v2\/product_cat?post=10138"},{"taxonomy":"product_tag","embeddable":true,"href":"https:\/\/talabarteriainglesa.com\/web\/wp-json\/wp\/v2\/product_tag?post=10138"}],"curies":[{"name":"wp","href":"https:\/\/api.w.org\/{rel}","templated":true}]}}