{"id":10025,"date":"2023-11-29T12:16:38","date_gmt":"2023-11-29T12:16:38","guid":{"rendered":"https:\/\/talabarteriainglesa.com\/web\/?post_type=product&#038;p=10025"},"modified":"2024-06-26T15:58:43","modified_gmt":"2024-06-26T15:58:43","slug":"jacaranda-bota-de-goma-para-equitacion","status":"publish","type":"product","link":"https:\/\/talabarteriainglesa.com\/web\/producto\/jacaranda-bota-de-goma-para-equitacion\/","title":{"rendered":"BOTA DE GOMA PARA EQUITACI\u00d3N JACARANDA"},"content":{"rendered":"","protected":false},"excerpt":{"rendered":"<p>PRACTICO DISE\u00d1O CON EL\u00c1STICO EN LA PARTE POSTERIOR DE LA CA\u00d1A QUE FACILITA EL CALCE DE LA BOTA<br \/>\nINTERIOR FORRADO CON POLIESTER Y GOMA ESPUMA<br \/>\nUNA SOLA PIEZA DE PVC INYECTADO &#8211; TECNOLOGIA SLASH MOULD<\/p>\n<p><strong>MEDIDAS:<\/strong><br \/>\n-LAS MEDIDAS INDICADAS EN EL CUADRO DE TALLES SON EN CENTIMETROS<br \/>\n-EL LARGO DE CA\u00d1A ESTA TOMADO SOBRE EL LADO EXTERIOR QUE ES M\u00c0S LARGO QUE LA PARTE POSTERIOR E INTERIOR DE LA BOTA. LA MEDIDA INCLUYE AL TACO.<br \/>\n-LA MEDIDA DE CONTORNO DE GEMELOS CORRESPONDE A LA PARTE M\u00c0S ANCHA DE LA CA\u00d1A. LA BOCA ES UN POCO MENOR.<br \/>\n-EL ELASTICO POSTERIOR FACILITA EL INGRESO DE LA PIERNA. SON ANGOSTAS DE CA\u00d1A. NO CALZAN EN PIERNAS CON GEMELOS GRANDES<\/p>\n<p><strong>CARACTERISITICAS:<\/strong><br \/>\n&#8211; impermeable<br \/>\n&#8211; forro interior: 100% poli\u00e9ster<br \/>\n&#8211; f\u00e1cil de limpiar<br \/>\n&#8211; forma anat\u00f3mica<br \/>\n&#8211; relleno suave y mullido<br \/>\n&#8211; con el\u00e1stico en la parte posterior de la ca\u00f1a<br \/>\n&#8211; suela antideslizante<br \/>\n&#8211; soporte para espuelas<\/p>\n<p><a href=\"https:\/\/talabarteriainglesa.com\/web\/wp-content\/uploads\/2023\/11\/52-09.webp\"><img loading=\"lazy\" decoding=\"async\" class=\"aligncenter size-full wp-image-10053\" src=\"https:\/\/talabarteriainglesa.com\/web\/wp-content\/uploads\/2023\/11\/52-09.webp\" alt=\"\" width=\"500\" height=\"227\" srcset=\"https:\/\/talabarteriainglesa.com\/web\/wp-content\/uploads\/2023\/11\/52-09.webp 500w, https:\/\/talabarteriainglesa.com\/web\/wp-content\/uploads\/2023\/11\/52-09-400x182.webp 400w, https:\/\/talabarteriainglesa.com\/web\/wp-content\/uploads\/2023\/11\/52-09-430x195.webp 430w, https:\/\/talabarteriainglesa.com\/web\/wp-content\/uploads\/2023\/11\/52-09-150x68.webp 150w\" sizes=\"auto, (max-width: 500px) 100vw, 500px\" \/><\/a><\/p>\n","protected":false},"featured_media":10052,"comment_status":"closed","ping_status":"closed","template":"","meta":[],"product_brand":[],"product_cat":[81,125,74,70,21,131],"product_tag":[],"class_list":{"0":"post-10025","1":"product","2":"type-product","3":"status-publish","4":"has-post-thumbnail","6":"product_cat-botas","7":"product_cat-disciplina","8":"product_cat-jacaranda","9":"product_cat-jinete","10":"product_cat-productos","11":"product_cat-salto","13":"first","14":"instock","15":"shipping-taxable","16":"product-type-variable"},"_links":{"self":[{"href":"https:\/\/talabarteriainglesa.com\/web\/wp-json\/wp\/v2\/product\/10025","targetHints":{"allow":["GET"]}}],"collection":[{"href":"https:\/\/talabarteriainglesa.com\/web\/wp-json\/wp\/v2\/product"}],"about":[{"href":"https:\/\/talabarteriainglesa.com\/web\/wp-json\/wp\/v2\/types\/product"}],"replies":[{"embeddable":true,"href":"https:\/\/talabarteriainglesa.com\/web\/wp-json\/wp\/v2\/comments?post=10025"}],"wp:featuredmedia":[{"embeddable":true,"href":"https:\/\/talabarteriainglesa.com\/web\/wp-json\/wp\/v2\/media\/10052"}],"wp:attachment":[{"href":"https:\/\/talabarteriainglesa.com\/web\/wp-json\/wp\/v2\/media?parent=10025"}],"wp:term":[{"taxonomy":"product_brand","embeddable":true,"href":"https:\/\/talabarteriainglesa.com\/web\/wp-json\/wp\/v2\/product_brand?post=10025"},{"taxonomy":"product_cat","embeddable":true,"href":"https:\/\/talabarteriainglesa.com\/web\/wp-json\/wp\/v2\/product_cat?post=10025"},{"taxonomy":"product_tag","embeddable":true,"href":"https:\/\/talabarteriainglesa.com\/web\/wp-json\/wp\/v2\/product_tag?post=10025"}],"curies":[{"name":"wp","href":"https:\/\/api.w.org\/{rel}","templated":true}]}}